{"id":7374,"date":"2021-10-05T12:49:29","date_gmt":"2021-10-05T12:49:29","guid":{"rendered":"https:\/\/ruben-gruessing.de\/?page_id=7374"},"modified":"2024-01-11T18:33:20","modified_gmt":"2024-01-11T18:33:20","slug":"7374-2","status":"publish","type":"page","link":"https:\/\/ruben-gruessing.de\/","title":{"rendered":"Startseite"},"content":{"rendered":"<p>[et_pb_section fb_built=&#8220;1&#8243; fullwidth=&#8220;on&#8220; admin_label=&#8220;section&#8220; _builder_version=&#8220;4.14.8&#8243; background_enable_image=&#8220;off&#8220; global_colors_info=&#8220;{}&#8220;][et_pb_fullwidth_image src=&#8220;https:\/\/ruben-gruessing.de\/wp-content\/uploads\/2022\/03\/D4A3228_top.webp&#8220; title_text=&#8220;Ruben Gr\u00fcssing&#8220; _builder_version=&#8220;4.14.8&#8243; _module_preset=&#8220;default&#8220; global_colors_info=&#8220;{}&#8220;][\/et_pb_fullwidth_image][\/et_pb_section][et_pb_section fb_built=&#8220;1&#8243; admin_label=&#8220;section&#8220; _builder_version=&#8220;3.22&#8243; global_colors_info=&#8220;{}&#8220;][et_pb_row admin_label=&#8220;row&#8220; _builder_version=&#8220;3.25&#8243; background_size=&#8220;initial&#8220; background_position=&#8220;top_left&#8220; background_repeat=&#8220;repeat&#8220; global_colors_info=&#8220;{}&#8220;][et_pb_column type=&#8220;4_4&#8243; _builder_version=&#8220;3.25&#8243; custom_padding=&#8220;|||&#8220; global_colors_info=&#8220;{}&#8220; custom_padding__hover=&#8220;|||&#8220;][et_pb_text admin_label=&#8220;Text&#8220; _builder_version=&#8220;3.27.4&#8243; background_size=&#8220;initial&#8220; background_position=&#8220;top_left&#8220; background_repeat=&#8220;repeat&#8220; text_orientation=&#8220;center&#8220; module_alignment=&#8220;center&#8220; global_colors_info=&#8220;{}&#8220;]<\/p>\n<h1><span style=\"color: #16a085;\">Herzlich willkommen.<\/span><\/h1>\n<p>[\/et_pb_text][\/et_pb_column][\/et_pb_row][et_pb_row column_structure=&#8220;1_3,1_3,1_3&#8243; admin_label=&#8220;row&#8220; _builder_version=&#8220;3.25&#8243; background_size=&#8220;initial&#8220; background_position=&#8220;top_left&#8220; background_repeat=&#8220;repeat&#8220; global_colors_info=&#8220;{}&#8220;][et_pb_column type=&#8220;1_3&#8243; _builder_version=&#8220;3.25&#8243; custom_padding=&#8220;|||&#8220; global_colors_info=&#8220;{}&#8220; custom_padding__hover=&#8220;|||&#8220;][et_pb_blurb title=&#8220;Gemeinde Detern&#8220; url=&#8220;#&#8220; use_icon=&#8220;on&#8220; font_icon=&#8220;&#xf66f;||fa||900&#8243; icon_color=&#8220;#E02B20&#8243; admin_label=&#8220;Informationstext&#8220; _builder_version=&#8220;4.14.1&#8243; background_size=&#8220;initial&#8220; background_position=&#8220;top_left&#8220; background_repeat=&#8220;repeat&#8220; text_orientation=&#8220;center&#8220; global_colors_info=&#8220;{}&#8220;]<\/p>\n<p><span class=\"frb_features_content\">Als B\u00fcrgermeister der Gemeinde Detern bin ich gerne Ansprechpartner f\u00fcr Ihr Anliegen in der Gemeinde Detern. Schreiben Sie mir, rufen Sie an oder besuchen Sie gerne unsere \u00f6ffentlichen Ausschuss- und Ratssitzungen.<\/span><\/p>\n<p>[\/et_pb_blurb][\/et_pb_column][et_pb_column type=&#8220;1_3&#8243; _builder_version=&#8220;3.25&#8243; custom_padding=&#8220;|||&#8220; global_colors_info=&#8220;{}&#8220; custom_padding__hover=&#8220;|||&#8220;][et_pb_blurb title=&#8220;Samtgemeinde J\u00fcmme&#8220; url=&#8220;#&#8220; use_icon=&#8220;on&#8220; font_icon=&#8220;&#xf447;||fa||900&#8243; icon_color=&#8220;#E02B20&#8243; admin_label=&#8220;Informationstext&#8220; _builder_version=&#8220;4.14.1&#8243; background_size=&#8220;initial&#8220; background_position=&#8220;top_left&#8220; background_repeat=&#8220;repeat&#8220; text_orientation=&#8220;center&#8220; global_colors_info=&#8220;{}&#8220;]<\/p>\n<p><span class=\"frb_features_content\">Als stellvertretender Samtgemeindeb\u00fcrgermeister der Samtgemeinde J\u00fcmme und Fraktionsvorsitzender der SPD-Fraktion im Samtgemeinderat bin ich gerne Ansprechpartner f\u00fcr Ihre Anliegen in der Samtgemeinde J\u00fcmme. Schreiben Sie mir, rufen Sie mich an oder besuchen Sie gerne unsere \u00f6ffentlichen Ausschuss- und Ratssitzungen.<\/span><\/p>\n<p>[\/et_pb_blurb][\/et_pb_column][et_pb_column type=&#8220;1_3&#8243; _builder_version=&#8220;3.25&#8243; custom_padding=&#8220;|||&#8220; global_colors_info=&#8220;{}&#8220; custom_padding__hover=&#8220;|||&#8220;][et_pb_blurb title=&#8220;Niedersachsen&#8220; url=&#8220;#&#8220; use_icon=&#8220;on&#8220; font_icon=&#8220;&#xf51d;||fa||900&#8243; icon_color=&#8220;#E02B20&#8243; admin_label=&#8220;Informationstext&#8220; _builder_version=&#8220;4.14.1&#8243; background_size=&#8220;initial&#8220; background_position=&#8220;top_left&#8220; background_repeat=&#8220;repeat&#8220; text_orientation=&#8220;center&#8220; global_colors_info=&#8220;{}&#8220;]<\/p>\n<p><span class=\"frb_features_content\">Als Mitglied der Landessynode der Evangelisch-lutherischen Landeskirche Hannovers, als Vorsitzender der Arbeitsgemeinschaft der Evangelischen Jugend in Niedersachsen und als Vorstandsmitglied des Jugendverbands &#8222;Entschieden f\u00fcr Christus&#8220; bringe ich mich auf Landesebene ein.<\/span><\/p>\n<p>[\/et_pb_blurb][\/et_pb_column][\/et_pb_row][\/et_pb_section][et_pb_section fb_built=&#8220;1&#8243; inner_shadow=&#8220;on&#8220; disabled_on=&#8220;on|off|off&#8220; admin_label=&#8220;section&#8220; _builder_version=&#8220;4.14.8&#8243; background_color=&#8220;rgba(255,255,255,0)&#8220; background_image=&#8220;https:\/\/ruben-gruessing.de\/wp-content\/uploads\/2022\/03\/IMG_6874-scaled.webp&#8220; parallax=&#8220;on&#8220; parallax_method=&#8220;off&#8220; background_last_edited=&#8220;on|phone&#8220; transparent_background=&#8220;on&#8220; locked=&#8220;off&#8220; global_colors_info=&#8220;{}&#8220;][et_pb_row admin_label=&#8220;row&#8220; _builder_version=&#8220;3.25&#8243; background_size=&#8220;initial&#8220; background_position=&#8220;top_left&#8220; background_repeat=&#8220;repeat&#8220; locked=&#8220;off&#8220; global_colors_info=&#8220;{}&#8220;][et_pb_column type=&#8220;4_4&#8243; _builder_version=&#8220;3.25&#8243; custom_padding=&#8220;|||&#8220; global_colors_info=&#8220;{}&#8220; custom_padding__hover=&#8220;|||&#8220;][et_pb_divider show_divider=&#8220;off&#8220; disabled_on=&#8220;on|on|off&#8220; admin_label=&#8220;Teiler&#8220; _builder_version=&#8220;3.23.4&#8243; height=&#8220;400px&#8220; global_colors_info=&#8220;{}&#8220;][\/et_pb_divider][\/et_pb_column][\/et_pb_row][\/et_pb_section][et_pb_section fb_built=&#8220;1&#8243; disabled_on=&#8220;off|off|off&#8220; admin_label=&#8220;section&#8220; _builder_version=&#8220;4.14.8&#8243; global_colors_info=&#8220;{}&#8220;][et_pb_row admin_label=&#8220;row&#8220; _builder_version=&#8220;3.25&#8243; background_size=&#8220;initial&#8220; background_position=&#8220;top_left&#8220; background_repeat=&#8220;repeat&#8220; global_colors_info=&#8220;{}&#8220;][et_pb_column type=&#8220;4_4&#8243; _builder_version=&#8220;3.25&#8243; custom_padding=&#8220;|||&#8220; global_colors_info=&#8220;{}&#8220; custom_padding__hover=&#8220;|||&#8220;][et_pb_text admin_label=&#8220;Text&#8220; _builder_version=&#8220;4.14.8&#8243; background_size=&#8220;initial&#8220; background_position=&#8220;top_left&#8220; background_repeat=&#8220;repeat&#8220; text_orientation=&#8220;center&#8220; module_alignment=&#8220;center&#8220; global_colors_info=&#8220;{}&#8220;]<\/p>\n<h1><span style=\"color: #16a085;\"><strong>Kontakt<\/strong> <\/span><\/h1>\n<h2><span style=\"color: #16a085;\">Senden Sie mir gerne eine Nachricht an<br \/><\/span><span style=\"color: #16a085; font-size: x-large;\"><strong><a href=\"m&#97;&#105;&#x6c;&#x74;o&#58;&#98;&#x75;&#x65;&#x72;g&#101;&#114;&#x6d;&#x65;is&#116;&#x65;&#x72;&#x40;r&#117;&#98;&#x65;&#x6e;-g&#114;&#x75;&#x65;&#x73;s&#105;&#110;&#x67;&#x2e;de\">&#x62;&#x75;&#101;r&#x67;&#x65;&#114;&#109;e&#x69;&#x73;&#116;&#101;r&#x40;&#x72;&#117;be&#x6e;&#x2d;&#103;r&#x75;&#x65;&#115;&#115;i&#x6e;&#x67;&#46;&#100;e<\/a><br \/><\/strong><\/span><\/h2>\n<h2><span style=\"color: #16a085;\">oder rufen Sie mich an:<br \/><strong>04957 \/ 9279786<\/strong><\/span><\/h2>\n<p><span style=\"color: #16a085; font-size: x-large;\"><\/span><\/p>\n<p><span style=\"color: #16a085; font-size: x-large;\"><\/span><\/p>\n<p>[\/et_pb_text][\/et_pb_column][\/et_pb_row][\/et_pb_section][et_pb_section fb_built=&#8220;1&#8243; inner_shadow=&#8220;on&#8220; disabled_on=&#8220;on|off|off&#8220; admin_label=&#8220;section&#8220; _builder_version=&#8220;4.14.8&#8243; background_color=&#8220;rgba(255,255,255,0)&#8220; background_image=&#8220;https:\/\/ruben-gruessing.de\/wp-content\/uploads\/2022\/03\/Ergebnisse-fA\u00bcr-dji-1-von-1-scaled-e1647439916512.webp&#8220; parallax=&#8220;on&#8220; parallax_method=&#8220;off&#8220; transparent_background=&#8220;on&#8220; locked=&#8220;off&#8220; global_colors_info=&#8220;{}&#8220;][et_pb_row admin_label=&#8220;row&#8220; _builder_version=&#8220;3.25&#8243; background_size=&#8220;initial&#8220; background_position=&#8220;top_left&#8220; background_repeat=&#8220;repeat&#8220; locked=&#8220;off&#8220; global_colors_info=&#8220;{}&#8220;][et_pb_column type=&#8220;4_4&#8243; _builder_version=&#8220;3.25&#8243; custom_padding=&#8220;|||&#8220; global_colors_info=&#8220;{}&#8220; custom_padding__hover=&#8220;|||&#8220;][et_pb_divider show_divider=&#8220;off&#8220; disabled_on=&#8220;on|on|off&#8220; admin_label=&#8220;Teiler&#8220; _builder_version=&#8220;3.23.4&#8243; height=&#8220;400px&#8220; global_colors_info=&#8220;{}&#8220;][\/et_pb_divider][\/et_pb_column][\/et_pb_row][\/et_pb_section]<\/p>\n","protected":false},"excerpt":{"rendered":"<p>Herzlich willkommen.Als B\u00fcrgermeister der Gemeinde Detern bin ich gerne Ansprechpartner f\u00fcr Ihr Anliegen in der Gemeinde Detern. Schreiben Sie mir, rufen Sie an oder besuchen Sie gerne unsere \u00f6ffentlichen Ausschuss- und Ratssitzungen.Als stellvertretender Samtgemeindeb\u00fcrgermeister der Samtgemeinde J\u00fcmme und Fraktionsvorsitzender der SPD-Fraktion im Samtgemeinderat bin ich gerne Ansprechpartner f\u00fcr Ihre Anliegen in der Samtgemeinde J\u00fcmme. Schreiben [&hellip;]<\/p>\n","protected":false},"author":1,"featured_media":0,"parent":0,"menu_order":0,"comment_status":"closed","ping_status":"closed","template":"","meta":{"_et_pb_use_builder":"on","_et_pb_old_content":"","_et_gb_content_width":"","footnotes":""},"_links":{"self":[{"href":"https:\/\/ruben-gruessing.de\/index.php?rest_route=\/wp\/v2\/pages\/7374"}],"collection":[{"href":"https:\/\/ruben-gruessing.de\/index.php?rest_route=\/wp\/v2\/pages"}],"about":[{"href":"https:\/\/ruben-gruessing.de\/index.php?rest_route=\/wp\/v2\/types\/page"}],"author":[{"embeddable":true,"href":"https:\/\/ruben-gruessing.de\/index.php?rest_route=\/wp\/v2\/users\/1"}],"replies":[{"embeddable":true,"href":"https:\/\/ruben-gruessing.de\/index.php?rest_route=%2Fwp%2Fv2%2Fcomments&post=7374"}],"version-history":[{"count":62,"href":"https:\/\/ruben-gruessing.de\/index.php?rest_route=\/wp\/v2\/pages\/7374\/revisions"}],"predecessor-version":[{"id":7556,"href":"https:\/\/ruben-gruessing.de\/index.php?rest_route=\/wp\/v2\/pages\/7374\/revisions\/7556"}],"wp:attachment":[{"href":"https:\/\/ruben-gruessing.de\/index.php?rest_route=%2Fwp%2Fv2%2Fmedia&parent=7374"}],"curies":[{"name":"wp","href":"https:\/\/api.w.org\/{rel}","templated":true}]}}